{"id":2973,"date":"2023-07-07T16:38:21","date_gmt":"2023-07-07T15:38:21","guid":{"rendered":"https:\/\/enjoystrollerrental.com\/?post_type=product&#038;p=2973"},"modified":"2026-01-31T11:05:26","modified_gmt":"2026-01-31T16:05:26","slug":"descripcion-bob-gear-reflexion-flex","status":"publish","type":"product","link":"https:\/\/enjoystrollerrental.com\/en\/product\/descripcion-bob-gear-reflexion-flex\/","title":{"rendered":"BOB Gear Revolution FLEX 3.0"},"content":{"rendered":"<p>With its resistant tires full of air and suspension system style of mountain biking, the versatile stroller BOB Revolution FLEX 3.0 has a superior performance, both as a car for any environment.<br \/>\nThe front wheel swivel locks for a better stability, while features such as the reclining seat, adjustable handlebars, soft top hood and large pockets, built-make the stroller comfortable for parents as much as for the child.<br \/>\nIncludes six storage pockets for storage and organization optimum, a magnetic closure in the window, and a basket for extra storage large under the seat. It has a capacity of up to 35 kg<\/p>","protected":false},"excerpt":{"rendered":"<p><strong>Includes 2 rental days<\/strong><br \/>\nEach additional day: $5<br \/>\nSelect your rental dates in the calendar to see the final price.<\/p>","protected":false},"featured_media":2974,"template":"","meta":{"site-sidebar-layout":"default","site-content-layout":"default","ast-site-content-layout":"default","site-content-style":"default","site-sidebar-style":"default","ast-global-header-display":"","ast-banner-title-visibility":"","ast-main-header-display":"","ast-hfb-above-header-display":"","ast-hfb-below-header-display":"","ast-hfb-mobile-header-display":"","site-post-title":"","ast-breadcrumbs-content":"","ast-featured-img":"","footer-sml-layout":"","theme-transparent-header-meta":"default","adv-header-id-meta":"","stick-header-meta":"","header-above-stick-meta":"","header-main-stick-meta":"","header-below-stick-meta":"","astra-migrate-meta-layouts":"set","ast-page-background-enabled":"default","ast-page-background-meta":{"desktop":{"background-color":"var(--ast-global-color-4)","background-image":"","background-repeat":"repeat","background-position":"center center","background-size":"auto","background-attachment":"scroll","background-type":"","background-media":"","overlay-type":"","overlay-color":"","overlay-opacity":"","overlay-gradient":""},"tablet":{"background-color":"","background-image":"","background-repeat":"repeat","background-position":"center center","background-size":"auto","background-attachment":"scroll","background-type":"","background-media":"","overlay-type":"","overlay-color":"","overlay-opacity":"","overlay-gradient":""},"mobile":{"background-color":"","background-image":"","background-repeat":"repeat","background-position":"center center","background-size":"auto","background-attachment":"scroll","background-type":"","background-media":"","overlay-type":"","overlay-color":"","overlay-opacity":"","overlay-gradient":""}},"ast-content-background-meta":{"desktop":{"background-color":"var(--ast-global-color-5)","background-image":"","background-repeat":"repeat","background-position":"center center","background-size":"auto","background-attachment":"scroll","background-type":"","background-media":"","overlay-type":"","overlay-color":"","overlay-opacity":"","overlay-gradient":""},"tablet":{"background-color":"var(--ast-global-color-5)","background-image":"","background-repeat":"repeat","background-position":"center center","background-size":"auto","background-attachment":"scroll","background-type":"","background-media":"","overlay-type":"","overlay-color":"","overlay-opacity":"","overlay-gradient":""},"mobile":{"background-color":"var(--ast-global-color-5)","background-image":"","background-repeat":"repeat","background-position":"center center","background-size":"auto","background-attachment":"scroll","background-type":"","background-media":"","overlay-type":"","overlay-color":"","overlay-opacity":"","overlay-gradient":""}}},"product_brand":[],"product_cat":[43,33],"product_tag":[51,50,53,49],"class_list":{"0":"post-2973","1":"product","2":"type-product","3":"status-publish","4":"has-post-thumbnail","6":"product_cat-bob-gear","7":"product_cat-booking","8":"product_tag-alquiler-carritos-de-bebe","9":"product_tag-alquiler-carritos-para-ninos","10":"product_tag-alquiler-cochecitos-para-bebes-y-ninos-en-los-parques-de-disney-world","11":"product_tag-rental-carritos-de-bebe","12":"desktop-align-left","13":"tablet-align-left","14":"mobile-align-left","16":"first","17":"instock","18":"virtual","19":"sold-individually","20":"purchasable","21":"product-type-booking"},"yoast_head":"<!-- This site is optimized with the Yoast SEO plugin v27.1.1 - https:\/\/yoast.com\/product\/yoast-seo-wordpress\/ -->\n<title>BOB Gear Revolution FLEX 3.0 - enjoystrollerrental.com<\/title>\n<meta name=\"description\" content=\"Alquiler cochecitos para bebes y ni\u00f1os en Disney World, Llantas resistentes y sistema de suspensi\u00f3n estilo bicicleta de monta\u00f1a, cochecito BOB Revolution\" \/>\n<meta name=\"robots\" content=\"index, follow, max-snippet:-1, max-image-preview:large, max-video-preview:-1\" \/>\n<link rel=\"canonical\" href=\"https:\/\/enjoystrollerrental.com\/en\/product\/descripcion-bob-gear-reflexion-flex\/\" \/>\n<meta property=\"og:locale\" content=\"en_US\" \/>\n<meta property=\"og:type\" content=\"article\" \/>\n<meta property=\"og:title\" content=\"BOB Gear Revolution FLEX 3.0 - enjoystrollerrental.com\" \/>\n<meta property=\"og:description\" content=\"Alquiler cochecitos para bebes y ni\u00f1os en Disney World, Llantas resistentes y sistema de suspensi\u00f3n estilo bicicleta de monta\u00f1a, cochecito BOB Revolution\" \/>\n<meta property=\"og:url\" content=\"https:\/\/enjoystrollerrental.com\/en\/product\/descripcion-bob-gear-reflexion-flex\/\" \/>\n<meta property=\"og:site_name\" content=\"enjoystrollerrental.com\" \/>\n<meta property=\"article:modified_time\" content=\"2026-01-31T16:05:26+00:00\" \/>\n<meta property=\"og:image\" content=\"http:\/\/enjoystrollerrental.com\/wp-content\/uploads\/2023\/07\/BOB-GEAR-REFLEXION-FLEX-1-1.jpg\" \/>\n\t<meta property=\"og:image:width\" content=\"600\" \/>\n\t<meta property=\"og:image:height\" content=\"600\" \/>\n\t<meta property=\"og:image:type\" content=\"image\/jpeg\" \/>\n<meta name=\"twitter:card\" content=\"summary_large_image\" \/>\n<meta name=\"twitter:label1\" content=\"Est. reading time\" \/>\n\t<meta name=\"twitter:data1\" content=\"1 minute\" \/>\n<script type=\"application\/ld+json\" class=\"yoast-schema-graph\">{\"@context\":\"https:\/\/schema.org\",\"@graph\":[{\"@type\":\"WebPage\",\"@id\":\"https:\/\/enjoystrollerrental.com\/producto\/descripcion-bob-gear-reflexion-flex\/\",\"url\":\"https:\/\/enjoystrollerrental.com\/producto\/descripcion-bob-gear-reflexion-flex\/\",\"name\":\"BOB Gear Revolution FLEX 3.0 - enjoystrollerrental.com\",\"isPartOf\":{\"@id\":\"https:\/\/enjoystrollerrental.com\/#website\"},\"primaryImageOfPage\":{\"@id\":\"https:\/\/enjoystrollerrental.com\/producto\/descripcion-bob-gear-reflexion-flex\/#primaryimage\"},\"image\":{\"@id\":\"https:\/\/enjoystrollerrental.com\/producto\/descripcion-bob-gear-reflexion-flex\/#primaryimage\"},\"thumbnailUrl\":\"https:\/\/enjoystrollerrental.com\/wp-content\/uploads\/2023\/07\/BOB-GEAR-REFLEXION-FLEX-1-1.jpg\",\"datePublished\":\"2023-07-07T15:38:21+00:00\",\"dateModified\":\"2026-01-31T16:05:26+00:00\",\"description\":\"Alquiler cochecitos para bebes y ni\u00f1os en Disney World, Llantas resistentes y sistema de suspensi\u00f3n estilo bicicleta de monta\u00f1a, cochecito BOB Revolution\",\"breadcrumb\":{\"@id\":\"https:\/\/enjoystrollerrental.com\/producto\/descripcion-bob-gear-reflexion-flex\/#breadcrumb\"},\"inLanguage\":\"en-US\",\"potentialAction\":[{\"@type\":\"ReadAction\",\"target\":[\"https:\/\/enjoystrollerrental.com\/producto\/descripcion-bob-gear-reflexion-flex\/\"]}]},{\"@type\":\"ImageObject\",\"inLanguage\":\"en-US\",\"@id\":\"https:\/\/enjoystrollerrental.com\/producto\/descripcion-bob-gear-reflexion-flex\/#primaryimage\",\"url\":\"https:\/\/enjoystrollerrental.com\/wp-content\/uploads\/2023\/07\/BOB-GEAR-REFLEXION-FLEX-1-1.jpg\",\"contentUrl\":\"https:\/\/enjoystrollerrental.com\/wp-content\/uploads\/2023\/07\/BOB-GEAR-REFLEXION-FLEX-1-1.jpg\",\"width\":600,\"height\":600},{\"@type\":\"BreadcrumbList\",\"@id\":\"https:\/\/enjoystrollerrental.com\/producto\/descripcion-bob-gear-reflexion-flex\/#breadcrumb\",\"itemListElement\":[{\"@type\":\"ListItem\",\"position\":1,\"name\":\"Home\",\"item\":\"https:\/\/enjoystrollerrental.com\/\"},{\"@type\":\"ListItem\",\"position\":2,\"name\":\"Tienda\",\"item\":\"https:\/\/enjoystrollerrental.com\/en\/shop\/\"},{\"@type\":\"ListItem\",\"position\":3,\"name\":\"BOB Gear Revolution FLEX 3.0\"}]},{\"@type\":\"WebSite\",\"@id\":\"https:\/\/enjoystrollerrental.com\/#website\",\"url\":\"https:\/\/enjoystrollerrental.com\/\",\"name\":\"Enjoy Stroller Rental\",\"description\":\"El mejor alquiler de cochecitos en Orlando\",\"publisher\":{\"@id\":\"https:\/\/enjoystrollerrental.com\/#organization\"},\"potentialAction\":[{\"@type\":\"SearchAction\",\"target\":{\"@type\":\"EntryPoint\",\"urlTemplate\":\"https:\/\/enjoystrollerrental.com\/?s={search_term_string}\"},\"query-input\":{\"@type\":\"PropertyValueSpecification\",\"valueRequired\":true,\"valueName\":\"search_term_string\"}}],\"inLanguage\":\"en-US\"},{\"@type\":\"Organization\",\"@id\":\"https:\/\/enjoystrollerrental.com\/#organization\",\"name\":\"Enjoy Stroller Rental\",\"url\":\"https:\/\/enjoystrollerrental.com\/\",\"logo\":{\"@type\":\"ImageObject\",\"inLanguage\":\"en-US\",\"@id\":\"https:\/\/enjoystrollerrental.com\/#\/schema\/logo\/image\/\",\"url\":\"https:\/\/enjoystrollerrental.com\/wp-content\/uploads\/2023\/06\/Group-50.png\",\"contentUrl\":\"https:\/\/enjoystrollerrental.com\/wp-content\/uploads\/2023\/06\/Group-50.png\",\"width\":737,\"height\":737,\"caption\":\"Enjoy Stroller Rental\"},\"image\":{\"@id\":\"https:\/\/enjoystrollerrental.com\/#\/schema\/logo\/image\/\"},\"sameAs\":[\"https:\/\/www.instagram.com\/enjoy.stroller.rental\/\"]}]}<\/script>\n<!-- \/ Yoast SEO plugin. -->","yoast_head_json":{"title":"BOB Gear Revolution FLEX 3.0 - enjoystrollerrental.com","description":"Alquiler cochecitos para bebes y ni\u00f1os en Disney World, Llantas resistentes y sistema de suspensi\u00f3n estilo bicicleta de monta\u00f1a, cochecito BOB Revolution","robots":{"index":"index","follow":"follow","max-snippet":"max-snippet:-1","max-image-preview":"max-image-preview:large","max-video-preview":"max-video-preview:-1"},"canonical":"https:\/\/enjoystrollerrental.com\/en\/product\/descripcion-bob-gear-reflexion-flex\/","og_locale":"en_US","og_type":"article","og_title":"BOB Gear Revolution FLEX 3.0 - enjoystrollerrental.com","og_description":"Alquiler cochecitos para bebes y ni\u00f1os en Disney World, Llantas resistentes y sistema de suspensi\u00f3n estilo bicicleta de monta\u00f1a, cochecito BOB Revolution","og_url":"https:\/\/enjoystrollerrental.com\/en\/product\/descripcion-bob-gear-reflexion-flex\/","og_site_name":"enjoystrollerrental.com","article_modified_time":"2026-01-31T16:05:26+00:00","og_image":[{"width":600,"height":600,"url":"http:\/\/enjoystrollerrental.com\/wp-content\/uploads\/2023\/07\/BOB-GEAR-REFLEXION-FLEX-1-1.jpg","type":"image\/jpeg"}],"twitter_card":"summary_large_image","twitter_misc":{"Est. reading time":"1 minute"},"schema":{"@context":"https:\/\/schema.org","@graph":[{"@type":"WebPage","@id":"https:\/\/enjoystrollerrental.com\/producto\/descripcion-bob-gear-reflexion-flex\/","url":"https:\/\/enjoystrollerrental.com\/producto\/descripcion-bob-gear-reflexion-flex\/","name":"BOB Gear Revolution FLEX 3.0 - enjoystrollerrental.com","isPartOf":{"@id":"https:\/\/enjoystrollerrental.com\/#website"},"primaryImageOfPage":{"@id":"https:\/\/enjoystrollerrental.com\/producto\/descripcion-bob-gear-reflexion-flex\/#primaryimage"},"image":{"@id":"https:\/\/enjoystrollerrental.com\/producto\/descripcion-bob-gear-reflexion-flex\/#primaryimage"},"thumbnailUrl":"https:\/\/enjoystrollerrental.com\/wp-content\/uploads\/2023\/07\/BOB-GEAR-REFLEXION-FLEX-1-1.jpg","datePublished":"2023-07-07T15:38:21+00:00","dateModified":"2026-01-31T16:05:26+00:00","description":"Alquiler cochecitos para bebes y ni\u00f1os en Disney World, Llantas resistentes y sistema de suspensi\u00f3n estilo bicicleta de monta\u00f1a, cochecito BOB Revolution","breadcrumb":{"@id":"https:\/\/enjoystrollerrental.com\/producto\/descripcion-bob-gear-reflexion-flex\/#breadcrumb"},"inLanguage":"en-US","potentialAction":[{"@type":"ReadAction","target":["https:\/\/enjoystrollerrental.com\/producto\/descripcion-bob-gear-reflexion-flex\/"]}]},{"@type":"ImageObject","inLanguage":"en-US","@id":"https:\/\/enjoystrollerrental.com\/producto\/descripcion-bob-gear-reflexion-flex\/#primaryimage","url":"https:\/\/enjoystrollerrental.com\/wp-content\/uploads\/2023\/07\/BOB-GEAR-REFLEXION-FLEX-1-1.jpg","contentUrl":"https:\/\/enjoystrollerrental.com\/wp-content\/uploads\/2023\/07\/BOB-GEAR-REFLEXION-FLEX-1-1.jpg","width":600,"height":600},{"@type":"BreadcrumbList","@id":"https:\/\/enjoystrollerrental.com\/producto\/descripcion-bob-gear-reflexion-flex\/#breadcrumb","itemListElement":[{"@type":"ListItem","position":1,"name":"Home","item":"https:\/\/enjoystrollerrental.com\/"},{"@type":"ListItem","position":2,"name":"Tienda","item":"https:\/\/enjoystrollerrental.com\/en\/shop\/"},{"@type":"ListItem","position":3,"name":"BOB Gear Revolution FLEX 3.0"}]},{"@type":"WebSite","@id":"https:\/\/enjoystrollerrental.com\/#website","url":"https:\/\/enjoystrollerrental.com\/","name":"Enjoy Stroller Rental's","description":"El mejor alquiler de cochecitos en Orlando","publisher":{"@id":"https:\/\/enjoystrollerrental.com\/#organization"},"potentialAction":[{"@type":"SearchAction","target":{"@type":"EntryPoint","urlTemplate":"https:\/\/enjoystrollerrental.com\/?s={search_term_string}"},"query-input":{"@type":"PropertyValueSpecification","valueRequired":true,"valueName":"search_term_string"}}],"inLanguage":"en-US"},{"@type":"Organization","@id":"https:\/\/enjoystrollerrental.com\/#organization","name":"Enjoy Stroller Rental's","url":"https:\/\/enjoystrollerrental.com\/","logo":{"@type":"ImageObject","inLanguage":"en-US","@id":"https:\/\/enjoystrollerrental.com\/#\/schema\/logo\/image\/","url":"https:\/\/enjoystrollerrental.com\/wp-content\/uploads\/2023\/06\/Group-50.png","contentUrl":"https:\/\/enjoystrollerrental.com\/wp-content\/uploads\/2023\/06\/Group-50.png","width":737,"height":737,"caption":"Enjoy Stroller Rental"},"image":{"@id":"https:\/\/enjoystrollerrental.com\/#\/schema\/logo\/image\/"},"sameAs":["https:\/\/www.instagram.com\/enjoy.stroller.rental\/"]}]}},"_links":{"self":[{"href":"https:\/\/enjoystrollerrental.com\/en\/wp-json\/wp\/v2\/product\/2973","targetHints":{"allow":["GET"]}}],"collection":[{"href":"https:\/\/enjoystrollerrental.com\/en\/wp-json\/wp\/v2\/product"}],"about":[{"href":"https:\/\/enjoystrollerrental.com\/en\/wp-json\/wp\/v2\/types\/product"}],"version-history":[{"count":7,"href":"https:\/\/enjoystrollerrental.com\/en\/wp-json\/wp\/v2\/product\/2973\/revisions"}],"predecessor-version":[{"id":10545,"href":"https:\/\/enjoystrollerrental.com\/en\/wp-json\/wp\/v2\/product\/2973\/revisions\/10545"}],"wp:featuredmedia":[{"embeddable":true,"href":"https:\/\/enjoystrollerrental.com\/en\/wp-json\/wp\/v2\/media\/2974"}],"wp:attachment":[{"href":"https:\/\/enjoystrollerrental.com\/en\/wp-json\/wp\/v2\/media?parent=2973"}],"wp:term":[{"taxonomy":"product_brand","embeddable":true,"href":"https:\/\/enjoystrollerrental.com\/en\/wp-json\/wp\/v2\/product_brand?post=2973"},{"taxonomy":"product_cat","embeddable":true,"href":"https:\/\/enjoystrollerrental.com\/en\/wp-json\/wp\/v2\/product_cat?post=2973"},{"taxonomy":"product_tag","embeddable":true,"href":"https:\/\/enjoystrollerrental.com\/en\/wp-json\/wp\/v2\/product_tag?post=2973"}],"curies":[{"name":"wp","href":"https:\/\/api.w.org\/{rel}","templated":true}]}}