{"id":2047,"date":"2023-06-12T14:09:35","date_gmt":"2023-06-12T13:09:35","guid":{"rendered":"https:\/\/enjoystrollerrental.com\/?post_type=product&#038;p=2047"},"modified":"2026-05-07T11:31:37","modified_gmt":"2026-05-07T15:31:37","slug":"cybex-gazelle-s","status":"publish","type":"product","link":"https:\/\/enjoystrollerrental.com\/en\/product\/cybex-gazelle-s\/","title":{"rendered":"Cybex Gazelle S"},"content":{"rendered":"<p>The Gazelle S includes a reversible seat that is adjustable, almost flat, and is compatible with our Gazelle S Cot (crib) with a capacity of up to 9kg. The large seat and reversible reclines to an almost flat and has a capacity of up to 23kg. The back of the seat reclining independent and adjustments of the legs offer multiple configurations, allowing you to place your child for comfort. The harness system is easy to use and makes securing your child in the seat is very easy with a simple pull and without complications.<br \/>\nIncludes a shopping basket is removable with an impressive load capacity additional 11 kg in Addition, it has a basket bottom extra large and easy access to additional storage space while traveling (maximum load of 13 kg).<br \/>\nHas sun roof XXL extensible with mesh window and classification UPF 50+. In addition, it has suspension on all wheels with integrated system of shock absorption in the framework that provides a ride that&#039;s super soft and lightweight. The handlebar is height-adjustable with one hand provides a comfortable handling for all users.<\/p>","protected":false},"excerpt":{"rendered":"<p><strong>Includes 2 rental days<\/strong><br \/>\nEach additional day: $5<br \/>\nSelect your rental dates in the calendar to see the final price.<\/p>","protected":false},"featured_media":11585,"template":"","meta":{"site-sidebar-layout":"default","site-content-layout":"default","ast-site-content-layout":"default","site-content-style":"default","site-sidebar-style":"default","ast-global-header-display":"","ast-banner-title-visibility":"","ast-main-header-display":"","ast-hfb-above-header-display":"","ast-hfb-below-header-display":"","ast-hfb-mobile-header-display":"","site-post-title":"","ast-breadcrumbs-content":"","ast-featured-img":"","footer-sml-layout":"","theme-transparent-header-meta":"default","adv-header-id-meta":"","stick-header-meta":"","header-above-stick-meta":"","header-main-stick-meta":"","header-below-stick-meta":"","astra-migrate-meta-layouts":"set","ast-page-background-enabled":"default","ast-page-background-meta":{"desktop":{"background-color":"var(--ast-global-color-4)","background-image":"","background-repeat":"repeat","background-position":"center center","background-size":"auto","background-attachment":"scroll","background-type":"","background-media":"","overlay-type":"","overlay-color":"","overlay-opacity":"","overlay-gradient":""},"tablet":{"background-color":"","background-image":"","background-repeat":"repeat","background-position":"center center","background-size":"auto","background-attachment":"scroll","background-type":"","background-media":"","overlay-type":"","overlay-color":"","overlay-opacity":"","overlay-gradient":""},"mobile":{"background-color":"","background-image":"","background-repeat":"repeat","background-position":"center center","background-size":"auto","background-attachment":"scroll","background-type":"","background-media":"","overlay-type":"","overlay-color":"","overlay-opacity":"","overlay-gradient":""}},"ast-content-background-meta":{"desktop":{"background-color":"var(--ast-global-color-5)","background-image":"","background-repeat":"repeat","background-position":"center center","background-size":"auto","background-attachment":"scroll","background-type":"","background-media":"","overlay-type":"","overlay-color":"","overlay-opacity":"","overlay-gradient":""},"tablet":{"background-color":"var(--ast-global-color-5)","background-image":"","background-repeat":"repeat","background-position":"center center","background-size":"auto","background-attachment":"scroll","background-type":"","background-media":"","overlay-type":"","overlay-color":"","overlay-opacity":"","overlay-gradient":""},"mobile":{"background-color":"var(--ast-global-color-5)","background-image":"","background-repeat":"repeat","background-position":"center center","background-size":"auto","background-attachment":"scroll","background-type":"","background-media":"","overlay-type":"","overlay-color":"","overlay-opacity":"","overlay-gradient":""}}},"product_brand":[],"product_cat":[33,42],"product_tag":[],"class_list":{"0":"post-2047","1":"product","2":"type-product","3":"status-publish","4":"has-post-thumbnail","6":"product_cat-booking","7":"product_cat-cybex","8":"desktop-align-left","9":"tablet-align-left","10":"mobile-align-left","12":"first","13":"instock","14":"virtual","15":"sold-individually","16":"purchasable","17":"product-type-booking"},"yoast_head":"<!-- This site is optimized with the Yoast SEO plugin v27.5 - https:\/\/yoast.com\/product\/yoast-seo-wordpress\/ -->\n<title>Cybex Gazelle S - enjoystrollerrental.com<\/title>\n<meta name=\"robots\" content=\"index, follow, max-snippet:-1, max-image-preview:large, max-video-preview:-1\" \/>\n<link rel=\"canonical\" href=\"https:\/\/enjoystrollerrental.com\/en\/product\/cybex-gazelle-s\/\" \/>\n<meta property=\"og:locale\" content=\"en_US\" \/>\n<meta property=\"og:type\" content=\"article\" \/>\n<meta property=\"og:title\" content=\"Cybex Gazelle S - enjoystrollerrental.com\" \/>\n<meta property=\"og:description\" content=\"Incluye 2 d\u00edas de alquiler Cada d\u00eda adicional: $5. Seleccion\u00e1 las fechas en el calendario para ver el precio final.\" \/>\n<meta property=\"og:url\" content=\"https:\/\/enjoystrollerrental.com\/en\/product\/cybex-gazelle-s\/\" \/>\n<meta property=\"og:site_name\" content=\"enjoystrollerrental.com\" \/>\n<meta property=\"article:modified_time\" content=\"2026-05-07T15:31:37+00:00\" \/>\n<meta property=\"og:image\" content=\"http:\/\/enjoystrollerrental.com\/wp-content\/uploads\/2023\/06\/Hasta-23-kg-50-lbs-10.png\" \/>\n\t<meta property=\"og:image:width\" content=\"600\" \/>\n\t<meta property=\"og:image:height\" content=\"600\" \/>\n\t<meta property=\"og:image:type\" content=\"image\/png\" \/>\n<meta name=\"twitter:card\" content=\"summary_large_image\" \/>\n<meta name=\"twitter:label1\" content=\"Est. reading time\" \/>\n\t<meta name=\"twitter:data1\" content=\"2 minutes\" \/>\n<script type=\"application\/ld+json\" class=\"yoast-schema-graph\">{\"@context\":\"https:\\\/\\\/schema.org\",\"@graph\":[{\"@type\":\"WebPage\",\"@id\":\"https:\\\/\\\/enjoystrollerrental.com\\\/producto\\\/cybex-gazelle-s\\\/\",\"url\":\"https:\\\/\\\/enjoystrollerrental.com\\\/producto\\\/cybex-gazelle-s\\\/\",\"name\":\"Cybex Gazelle S - enjoystrollerrental.com\",\"isPartOf\":{\"@id\":\"https:\\\/\\\/enjoystrollerrental.com\\\/#website\"},\"primaryImageOfPage\":{\"@id\":\"https:\\\/\\\/enjoystrollerrental.com\\\/producto\\\/cybex-gazelle-s\\\/#primaryimage\"},\"image\":{\"@id\":\"https:\\\/\\\/enjoystrollerrental.com\\\/producto\\\/cybex-gazelle-s\\\/#primaryimage\"},\"thumbnailUrl\":\"https:\\\/\\\/enjoystrollerrental.com\\\/wp-content\\\/uploads\\\/2023\\\/06\\\/Hasta-23-kg-50-lbs-10.png\",\"datePublished\":\"2023-06-12T13:09:35+00:00\",\"dateModified\":\"2026-05-07T15:31:37+00:00\",\"breadcrumb\":{\"@id\":\"https:\\\/\\\/enjoystrollerrental.com\\\/producto\\\/cybex-gazelle-s\\\/#breadcrumb\"},\"inLanguage\":\"en-US\",\"potentialAction\":[{\"@type\":\"ReadAction\",\"target\":[\"https:\\\/\\\/enjoystrollerrental.com\\\/producto\\\/cybex-gazelle-s\\\/\"]}]},{\"@type\":\"ImageObject\",\"inLanguage\":\"en-US\",\"@id\":\"https:\\\/\\\/enjoystrollerrental.com\\\/producto\\\/cybex-gazelle-s\\\/#primaryimage\",\"url\":\"https:\\\/\\\/enjoystrollerrental.com\\\/wp-content\\\/uploads\\\/2023\\\/06\\\/Hasta-23-kg-50-lbs-10.png\",\"contentUrl\":\"https:\\\/\\\/enjoystrollerrental.com\\\/wp-content\\\/uploads\\\/2023\\\/06\\\/Hasta-23-kg-50-lbs-10.png\",\"width\":600,\"height\":600},{\"@type\":\"BreadcrumbList\",\"@id\":\"https:\\\/\\\/enjoystrollerrental.com\\\/producto\\\/cybex-gazelle-s\\\/#breadcrumb\",\"itemListElement\":[{\"@type\":\"ListItem\",\"position\":1,\"name\":\"Home\",\"item\":\"https:\\\/\\\/enjoystrollerrental.com\\\/\"},{\"@type\":\"ListItem\",\"position\":2,\"name\":\"Tienda\",\"item\":\"https:\\\/\\\/enjoystrollerrental.com\\\/en\\\/shop\\\/\"},{\"@type\":\"ListItem\",\"position\":3,\"name\":\"Cybex Gazelle S\"}]},{\"@type\":\"WebSite\",\"@id\":\"https:\\\/\\\/enjoystrollerrental.com\\\/#website\",\"url\":\"https:\\\/\\\/enjoystrollerrental.com\\\/\",\"name\":\"Enjoy Stroller Rental\",\"description\":\"El mejor alquiler de cochecitos en Orlando\",\"publisher\":{\"@id\":\"https:\\\/\\\/enjoystrollerrental.com\\\/#organization\"},\"potentialAction\":[{\"@type\":\"SearchAction\",\"target\":{\"@type\":\"EntryPoint\",\"urlTemplate\":\"https:\\\/\\\/enjoystrollerrental.com\\\/?s={search_term_string}\"},\"query-input\":{\"@type\":\"PropertyValueSpecification\",\"valueRequired\":true,\"valueName\":\"search_term_string\"}}],\"inLanguage\":\"en-US\"},{\"@type\":\"Organization\",\"@id\":\"https:\\\/\\\/enjoystrollerrental.com\\\/#organization\",\"name\":\"Enjoy Stroller Rental\",\"url\":\"https:\\\/\\\/enjoystrollerrental.com\\\/\",\"logo\":{\"@type\":\"ImageObject\",\"inLanguage\":\"en-US\",\"@id\":\"https:\\\/\\\/enjoystrollerrental.com\\\/#\\\/schema\\\/logo\\\/image\\\/\",\"url\":\"https:\\\/\\\/enjoystrollerrental.com\\\/wp-content\\\/uploads\\\/2023\\\/06\\\/Group-50.png\",\"contentUrl\":\"https:\\\/\\\/enjoystrollerrental.com\\\/wp-content\\\/uploads\\\/2023\\\/06\\\/Group-50.png\",\"width\":737,\"height\":737,\"caption\":\"Enjoy Stroller Rental\"},\"image\":{\"@id\":\"https:\\\/\\\/enjoystrollerrental.com\\\/#\\\/schema\\\/logo\\\/image\\\/\"},\"sameAs\":[\"https:\\\/\\\/www.instagram.com\\\/enjoy.stroller.rental\\\/\"]}]}<\/script>\n<!-- \/ Yoast SEO plugin. -->","yoast_head_json":{"title":"Cybex Gazelle S - enjoystrollerrental.com","robots":{"index":"index","follow":"follow","max-snippet":"max-snippet:-1","max-image-preview":"max-image-preview:large","max-video-preview":"max-video-preview:-1"},"canonical":"https:\/\/enjoystrollerrental.com\/en\/product\/cybex-gazelle-s\/","og_locale":"en_US","og_type":"article","og_title":"Cybex Gazelle S - enjoystrollerrental.com","og_description":"Incluye 2 d\u00edas de alquiler Cada d\u00eda adicional: $5. Seleccion\u00e1 las fechas en el calendario para ver el precio final.","og_url":"https:\/\/enjoystrollerrental.com\/en\/product\/cybex-gazelle-s\/","og_site_name":"enjoystrollerrental.com","article_modified_time":"2026-05-07T15:31:37+00:00","og_image":[{"width":600,"height":600,"url":"http:\/\/enjoystrollerrental.com\/wp-content\/uploads\/2023\/06\/Hasta-23-kg-50-lbs-10.png","type":"image\/png"}],"twitter_card":"summary_large_image","twitter_misc":{"Est. reading time":"2 minutes"},"schema":{"@context":"https:\/\/schema.org","@graph":[{"@type":"WebPage","@id":"https:\/\/enjoystrollerrental.com\/producto\/cybex-gazelle-s\/","url":"https:\/\/enjoystrollerrental.com\/producto\/cybex-gazelle-s\/","name":"Cybex Gazelle S - enjoystrollerrental.com","isPartOf":{"@id":"https:\/\/enjoystrollerrental.com\/#website"},"primaryImageOfPage":{"@id":"https:\/\/enjoystrollerrental.com\/producto\/cybex-gazelle-s\/#primaryimage"},"image":{"@id":"https:\/\/enjoystrollerrental.com\/producto\/cybex-gazelle-s\/#primaryimage"},"thumbnailUrl":"https:\/\/enjoystrollerrental.com\/wp-content\/uploads\/2023\/06\/Hasta-23-kg-50-lbs-10.png","datePublished":"2023-06-12T13:09:35+00:00","dateModified":"2026-05-07T15:31:37+00:00","breadcrumb":{"@id":"https:\/\/enjoystrollerrental.com\/producto\/cybex-gazelle-s\/#breadcrumb"},"inLanguage":"en-US","potentialAction":[{"@type":"ReadAction","target":["https:\/\/enjoystrollerrental.com\/producto\/cybex-gazelle-s\/"]}]},{"@type":"ImageObject","inLanguage":"en-US","@id":"https:\/\/enjoystrollerrental.com\/producto\/cybex-gazelle-s\/#primaryimage","url":"https:\/\/enjoystrollerrental.com\/wp-content\/uploads\/2023\/06\/Hasta-23-kg-50-lbs-10.png","contentUrl":"https:\/\/enjoystrollerrental.com\/wp-content\/uploads\/2023\/06\/Hasta-23-kg-50-lbs-10.png","width":600,"height":600},{"@type":"BreadcrumbList","@id":"https:\/\/enjoystrollerrental.com\/producto\/cybex-gazelle-s\/#breadcrumb","itemListElement":[{"@type":"ListItem","position":1,"name":"Home","item":"https:\/\/enjoystrollerrental.com\/"},{"@type":"ListItem","position":2,"name":"Tienda","item":"https:\/\/enjoystrollerrental.com\/en\/shop\/"},{"@type":"ListItem","position":3,"name":"Cybex Gazelle S"}]},{"@type":"WebSite","@id":"https:\/\/enjoystrollerrental.com\/#website","url":"https:\/\/enjoystrollerrental.com\/","name":"Enjoy Stroller Rental's","description":"El mejor alquiler de cochecitos en Orlando","publisher":{"@id":"https:\/\/enjoystrollerrental.com\/#organization"},"potentialAction":[{"@type":"SearchAction","target":{"@type":"EntryPoint","urlTemplate":"https:\/\/enjoystrollerrental.com\/?s={search_term_string}"},"query-input":{"@type":"PropertyValueSpecification","valueRequired":true,"valueName":"search_term_string"}}],"inLanguage":"en-US"},{"@type":"Organization","@id":"https:\/\/enjoystrollerrental.com\/#organization","name":"Enjoy Stroller Rental's","url":"https:\/\/enjoystrollerrental.com\/","logo":{"@type":"ImageObject","inLanguage":"en-US","@id":"https:\/\/enjoystrollerrental.com\/#\/schema\/logo\/image\/","url":"https:\/\/enjoystrollerrental.com\/wp-content\/uploads\/2023\/06\/Group-50.png","contentUrl":"https:\/\/enjoystrollerrental.com\/wp-content\/uploads\/2023\/06\/Group-50.png","width":737,"height":737,"caption":"Enjoy Stroller Rental"},"image":{"@id":"https:\/\/enjoystrollerrental.com\/#\/schema\/logo\/image\/"},"sameAs":["https:\/\/www.instagram.com\/enjoy.stroller.rental\/"]}]}},"_links":{"self":[{"href":"https:\/\/enjoystrollerrental.com\/en\/wp-json\/wp\/v2\/product\/2047","targetHints":{"allow":["GET"]}}],"collection":[{"href":"https:\/\/enjoystrollerrental.com\/en\/wp-json\/wp\/v2\/product"}],"about":[{"href":"https:\/\/enjoystrollerrental.com\/en\/wp-json\/wp\/v2\/types\/product"}],"version-history":[{"count":5,"href":"https:\/\/enjoystrollerrental.com\/en\/wp-json\/wp\/v2\/product\/2047\/revisions"}],"predecessor-version":[{"id":11587,"href":"https:\/\/enjoystrollerrental.com\/en\/wp-json\/wp\/v2\/product\/2047\/revisions\/11587"}],"wp:featuredmedia":[{"embeddable":true,"href":"https:\/\/enjoystrollerrental.com\/en\/wp-json\/wp\/v2\/media\/11585"}],"wp:attachment":[{"href":"https:\/\/enjoystrollerrental.com\/en\/wp-json\/wp\/v2\/media?parent=2047"}],"wp:term":[{"taxonomy":"product_brand","embeddable":true,"href":"https:\/\/enjoystrollerrental.com\/en\/wp-json\/wp\/v2\/product_brand?post=2047"},{"taxonomy":"product_cat","embeddable":true,"href":"https:\/\/enjoystrollerrental.com\/en\/wp-json\/wp\/v2\/product_cat?post=2047"},{"taxonomy":"product_tag","embeddable":true,"href":"https:\/\/enjoystrollerrental.com\/en\/wp-json\/wp\/v2\/product_tag?post=2047"}],"curies":[{"name":"wp","href":"https:\/\/api.w.org\/{rel}","templated":true}]}}