{"id":174,"date":"2023-05-15T15:08:57","date_gmt":"2023-05-15T14:08:57","guid":{"rendered":"https:\/\/enjoystrollerrental.com\/?post_type=product&#038;p=174"},"modified":"2026-05-06T13:16:35","modified_gmt":"2026-05-06T17:16:35","slug":"baby-trend-expedition-dlx-jogger-travel-system","status":"publish","type":"product","link":"https:\/\/enjoystrollerrental.com\/en\/product\/baby-trend-expedition-dlx-jogger-travel-system\/","title":{"rendered":"Baby Trend Expedition Single"},"content":{"rendered":"<p>Equipped with an adjustable canopy and a hidden window.<br \/>\nIt also has a basket of large storage, a tray for parents with 2 cup holders and a tray for children fold with 2 cup holders.<br \/>\nIn addition, it has large rear wheels with all-terrain bicycle 16\u201d with tires filled with air. Simply unlock the steering wheel in front of 12\u201d for walking at low speed and bloqu\u00e9alo in place to transform it into a jogger fully functional. Includes a reclining seat in multiple positions with a safety harness 5-point and a tether strap.<\/p>\n<ul>\n<li style=\"list-style-type: none;\">\n<ul>\n<li style=\"list-style-type: none;\">\n<ul>\n<li style=\"list-style-type: none;\">\n<ul>\n<li>Extra car Seat + Base car seat.<\/li>\n<li>Capacity of the Stroller: 6 months to 22 kg<\/li>\n<li>Capacity of the Egg: from 4 months to 16 kg<\/li>\n<\/ul>\n<\/li>\n<\/ul>\n<\/li>\n<\/ul>\n<\/li>\n<\/ul>","protected":false},"excerpt":{"rendered":"<p><strong>Includes 2 rental days<\/strong><br \/>\nEach additional day: $5<br \/>\nSelect your rental dates in the calendar to see the final price.<\/p>","protected":false},"featured_media":11574,"template":"elementor_theme","meta":{"site-sidebar-layout":"default","site-content-layout":"default","ast-site-content-layout":"default","site-content-style":"default","site-sidebar-style":"default","ast-global-header-display":"","ast-banner-title-visibility":"","ast-main-header-display":"","ast-hfb-above-header-display":"","ast-hfb-below-header-display":"","ast-hfb-mobile-header-display":"","site-post-title":"","ast-breadcrumbs-content":"","ast-featured-img":"","footer-sml-layout":"","theme-transparent-header-meta":"default","adv-header-id-meta":"","stick-header-meta":"","header-above-stick-meta":"","header-main-stick-meta":"","header-below-stick-meta":"","astra-migrate-meta-layouts":"set","ast-page-background-enabled":"default","ast-page-background-meta":{"desktop":{"background-color":"var(--ast-global-color-4)","background-image":"","background-repeat":"repeat","background-position":"center center","background-size":"auto","background-attachment":"scroll","background-type":"","background-media":"","overlay-type":"","overlay-color":"","overlay-opacity":"","overlay-gradient":""},"tablet":{"background-color":"","background-image":"","background-repeat":"repeat","background-position":"center center","background-size":"auto","background-attachment":"scroll","background-type":"","background-media":"","overlay-type":"","overlay-color":"","overlay-opacity":"","overlay-gradient":""},"mobile":{"background-color":"","background-image":"","background-repeat":"repeat","background-position":"center center","background-size":"auto","background-attachment":"scroll","background-type":"","background-media":"","overlay-type":"","overlay-color":"","overlay-opacity":"","overlay-gradient":""}},"ast-content-background-meta":{"desktop":{"background-color":"var(--ast-global-color-5)","background-image":"","background-repeat":"repeat","background-position":"center center","background-size":"auto","background-attachment":"scroll","background-type":"","background-media":"","overlay-type":"","overlay-color":"","overlay-opacity":"","overlay-gradient":""},"tablet":{"background-color":"var(--ast-global-color-5)","background-image":"","background-repeat":"repeat","background-position":"center center","background-size":"auto","background-attachment":"scroll","background-type":"","background-media":"","overlay-type":"","overlay-color":"","overlay-opacity":"","overlay-gradient":""},"mobile":{"background-color":"var(--ast-global-color-5)","background-image":"","background-repeat":"repeat","background-position":"center center","background-size":"auto","background-attachment":"scroll","background-type":"","background-media":"","overlay-type":"","overlay-color":"","overlay-opacity":"","overlay-gradient":""}}},"product_brand":[],"product_cat":[40,33],"product_tag":[],"class_list":{"0":"post-174","1":"product","2":"type-product","3":"status-publish","4":"has-post-thumbnail","6":"product_cat-baby-trend-graco","7":"product_cat-booking","8":"desktop-align-left","9":"tablet-align-left","10":"mobile-align-left","12":"first","13":"instock","14":"virtual","15":"sold-individually","16":"purchasable","17":"product-type-booking"},"yoast_head":"<!-- This site is optimized with the Yoast SEO plugin v27.5 - https:\/\/yoast.com\/product\/yoast-seo-wordpress\/ -->\n<title>Baby Trend Expedition Individual - enjoystrollerrental.com<\/title>\n<meta name=\"robots\" content=\"index, follow, max-snippet:-1, max-image-preview:large, max-video-preview:-1\" \/>\n<link rel=\"canonical\" href=\"https:\/\/enjoystrollerrental.com\/en\/product\/baby-trend-expedition-dlx-jogger-travel-system\/\" \/>\n<meta property=\"og:locale\" content=\"en_US\" \/>\n<meta property=\"og:type\" content=\"article\" \/>\n<meta property=\"og:title\" content=\"Baby Trend Expedition Individual - enjoystrollerrental.com\" \/>\n<meta property=\"og:description\" content=\"Incluye 2 d\u00edas de alquiler Cada d\u00eda adicional: $5. Seleccion\u00e1 las fechas en el calendario para ver el precio final.\" \/>\n<meta property=\"og:url\" content=\"https:\/\/enjoystrollerrental.com\/en\/product\/baby-trend-expedition-dlx-jogger-travel-system\/\" \/>\n<meta property=\"og:site_name\" content=\"enjoystrollerrental.com\" \/>\n<meta property=\"article:modified_time\" content=\"2026-05-06T17:16:35+00:00\" \/>\n<meta property=\"og:image\" content=\"http:\/\/enjoystrollerrental.com\/wp-content\/uploads\/2023\/05\/Hasta-23-kg-50-lbs-2-1.png\" \/>\n\t<meta property=\"og:image:width\" content=\"600\" \/>\n\t<meta property=\"og:image:height\" content=\"600\" \/>\n\t<meta property=\"og:image:type\" content=\"image\/png\" \/>\n<meta name=\"twitter:card\" content=\"summary_large_image\" \/>\n<meta name=\"twitter:label1\" content=\"Est. reading time\" \/>\n\t<meta name=\"twitter:data1\" content=\"1 minute\" \/>\n<script type=\"application\/ld+json\" class=\"yoast-schema-graph\">{\"@context\":\"https:\\\/\\\/schema.org\",\"@graph\":[{\"@type\":\"WebPage\",\"@id\":\"https:\\\/\\\/enjoystrollerrental.com\\\/producto\\\/baby-trend-expedition-dlx-jogger-travel-system\\\/\",\"url\":\"https:\\\/\\\/enjoystrollerrental.com\\\/producto\\\/baby-trend-expedition-dlx-jogger-travel-system\\\/\",\"name\":\"Baby Trend Expedition Individual - enjoystrollerrental.com\",\"isPartOf\":{\"@id\":\"https:\\\/\\\/enjoystrollerrental.com\\\/#website\"},\"primaryImageOfPage\":{\"@id\":\"https:\\\/\\\/enjoystrollerrental.com\\\/producto\\\/baby-trend-expedition-dlx-jogger-travel-system\\\/#primaryimage\"},\"image\":{\"@id\":\"https:\\\/\\\/enjoystrollerrental.com\\\/producto\\\/baby-trend-expedition-dlx-jogger-travel-system\\\/#primaryimage\"},\"thumbnailUrl\":\"https:\\\/\\\/enjoystrollerrental.com\\\/wp-content\\\/uploads\\\/2023\\\/05\\\/Hasta-23-kg-50-lbs-2-1.png\",\"datePublished\":\"2023-05-15T14:08:57+00:00\",\"dateModified\":\"2026-05-06T17:16:35+00:00\",\"breadcrumb\":{\"@id\":\"https:\\\/\\\/enjoystrollerrental.com\\\/producto\\\/baby-trend-expedition-dlx-jogger-travel-system\\\/#breadcrumb\"},\"inLanguage\":\"en-US\",\"potentialAction\":[{\"@type\":\"ReadAction\",\"target\":[\"https:\\\/\\\/enjoystrollerrental.com\\\/producto\\\/baby-trend-expedition-dlx-jogger-travel-system\\\/\"]}]},{\"@type\":\"ImageObject\",\"inLanguage\":\"en-US\",\"@id\":\"https:\\\/\\\/enjoystrollerrental.com\\\/producto\\\/baby-trend-expedition-dlx-jogger-travel-system\\\/#primaryimage\",\"url\":\"https:\\\/\\\/enjoystrollerrental.com\\\/wp-content\\\/uploads\\\/2023\\\/05\\\/Hasta-23-kg-50-lbs-2-1.png\",\"contentUrl\":\"https:\\\/\\\/enjoystrollerrental.com\\\/wp-content\\\/uploads\\\/2023\\\/05\\\/Hasta-23-kg-50-lbs-2-1.png\",\"width\":600,\"height\":600},{\"@type\":\"BreadcrumbList\",\"@id\":\"https:\\\/\\\/enjoystrollerrental.com\\\/producto\\\/baby-trend-expedition-dlx-jogger-travel-system\\\/#breadcrumb\",\"itemListElement\":[{\"@type\":\"ListItem\",\"position\":1,\"name\":\"Home\",\"item\":\"https:\\\/\\\/enjoystrollerrental.com\\\/\"},{\"@type\":\"ListItem\",\"position\":2,\"name\":\"Tienda\",\"item\":\"https:\\\/\\\/enjoystrollerrental.com\\\/en\\\/shop\\\/\"},{\"@type\":\"ListItem\",\"position\":3,\"name\":\"Baby Trend Expedition Individual\"}]},{\"@type\":\"WebSite\",\"@id\":\"https:\\\/\\\/enjoystrollerrental.com\\\/#website\",\"url\":\"https:\\\/\\\/enjoystrollerrental.com\\\/\",\"name\":\"Enjoy Stroller Rental\",\"description\":\"El mejor alquiler de cochecitos en Orlando\",\"publisher\":{\"@id\":\"https:\\\/\\\/enjoystrollerrental.com\\\/#organization\"},\"potentialAction\":[{\"@type\":\"SearchAction\",\"target\":{\"@type\":\"EntryPoint\",\"urlTemplate\":\"https:\\\/\\\/enjoystrollerrental.com\\\/?s={search_term_string}\"},\"query-input\":{\"@type\":\"PropertyValueSpecification\",\"valueRequired\":true,\"valueName\":\"search_term_string\"}}],\"inLanguage\":\"en-US\"},{\"@type\":\"Organization\",\"@id\":\"https:\\\/\\\/enjoystrollerrental.com\\\/#organization\",\"name\":\"Enjoy Stroller Rental\",\"url\":\"https:\\\/\\\/enjoystrollerrental.com\\\/\",\"logo\":{\"@type\":\"ImageObject\",\"inLanguage\":\"en-US\",\"@id\":\"https:\\\/\\\/enjoystrollerrental.com\\\/#\\\/schema\\\/logo\\\/image\\\/\",\"url\":\"https:\\\/\\\/enjoystrollerrental.com\\\/wp-content\\\/uploads\\\/2023\\\/06\\\/Group-50.png\",\"contentUrl\":\"https:\\\/\\\/enjoystrollerrental.com\\\/wp-content\\\/uploads\\\/2023\\\/06\\\/Group-50.png\",\"width\":737,\"height\":737,\"caption\":\"Enjoy Stroller Rental\"},\"image\":{\"@id\":\"https:\\\/\\\/enjoystrollerrental.com\\\/#\\\/schema\\\/logo\\\/image\\\/\"},\"sameAs\":[\"https:\\\/\\\/www.instagram.com\\\/enjoy.stroller.rental\\\/\"]}]}<\/script>\n<!-- \/ Yoast SEO plugin. -->","yoast_head_json":{"title":"Baby Trend Expedition Individual - enjoystrollerrental.com","robots":{"index":"index","follow":"follow","max-snippet":"max-snippet:-1","max-image-preview":"max-image-preview:large","max-video-preview":"max-video-preview:-1"},"canonical":"https:\/\/enjoystrollerrental.com\/en\/product\/baby-trend-expedition-dlx-jogger-travel-system\/","og_locale":"en_US","og_type":"article","og_title":"Baby Trend Expedition Individual - enjoystrollerrental.com","og_description":"Incluye 2 d\u00edas de alquiler Cada d\u00eda adicional: $5. Seleccion\u00e1 las fechas en el calendario para ver el precio final.","og_url":"https:\/\/enjoystrollerrental.com\/en\/product\/baby-trend-expedition-dlx-jogger-travel-system\/","og_site_name":"enjoystrollerrental.com","article_modified_time":"2026-05-06T17:16:35+00:00","og_image":[{"width":600,"height":600,"url":"http:\/\/enjoystrollerrental.com\/wp-content\/uploads\/2023\/05\/Hasta-23-kg-50-lbs-2-1.png","type":"image\/png"}],"twitter_card":"summary_large_image","twitter_misc":{"Est. reading time":"1 minute"},"schema":{"@context":"https:\/\/schema.org","@graph":[{"@type":"WebPage","@id":"https:\/\/enjoystrollerrental.com\/producto\/baby-trend-expedition-dlx-jogger-travel-system\/","url":"https:\/\/enjoystrollerrental.com\/producto\/baby-trend-expedition-dlx-jogger-travel-system\/","name":"Baby Trend Expedition Individual - enjoystrollerrental.com","isPartOf":{"@id":"https:\/\/enjoystrollerrental.com\/#website"},"primaryImageOfPage":{"@id":"https:\/\/enjoystrollerrental.com\/producto\/baby-trend-expedition-dlx-jogger-travel-system\/#primaryimage"},"image":{"@id":"https:\/\/enjoystrollerrental.com\/producto\/baby-trend-expedition-dlx-jogger-travel-system\/#primaryimage"},"thumbnailUrl":"https:\/\/enjoystrollerrental.com\/wp-content\/uploads\/2023\/05\/Hasta-23-kg-50-lbs-2-1.png","datePublished":"2023-05-15T14:08:57+00:00","dateModified":"2026-05-06T17:16:35+00:00","breadcrumb":{"@id":"https:\/\/enjoystrollerrental.com\/producto\/baby-trend-expedition-dlx-jogger-travel-system\/#breadcrumb"},"inLanguage":"en-US","potentialAction":[{"@type":"ReadAction","target":["https:\/\/enjoystrollerrental.com\/producto\/baby-trend-expedition-dlx-jogger-travel-system\/"]}]},{"@type":"ImageObject","inLanguage":"en-US","@id":"https:\/\/enjoystrollerrental.com\/producto\/baby-trend-expedition-dlx-jogger-travel-system\/#primaryimage","url":"https:\/\/enjoystrollerrental.com\/wp-content\/uploads\/2023\/05\/Hasta-23-kg-50-lbs-2-1.png","contentUrl":"https:\/\/enjoystrollerrental.com\/wp-content\/uploads\/2023\/05\/Hasta-23-kg-50-lbs-2-1.png","width":600,"height":600},{"@type":"BreadcrumbList","@id":"https:\/\/enjoystrollerrental.com\/producto\/baby-trend-expedition-dlx-jogger-travel-system\/#breadcrumb","itemListElement":[{"@type":"ListItem","position":1,"name":"Home","item":"https:\/\/enjoystrollerrental.com\/"},{"@type":"ListItem","position":2,"name":"Tienda","item":"https:\/\/enjoystrollerrental.com\/en\/shop\/"},{"@type":"ListItem","position":3,"name":"Baby Trend Expedition Individual"}]},{"@type":"WebSite","@id":"https:\/\/enjoystrollerrental.com\/#website","url":"https:\/\/enjoystrollerrental.com\/","name":"Enjoy Stroller Rental's","description":"El mejor alquiler de cochecitos en Orlando","publisher":{"@id":"https:\/\/enjoystrollerrental.com\/#organization"},"potentialAction":[{"@type":"SearchAction","target":{"@type":"EntryPoint","urlTemplate":"https:\/\/enjoystrollerrental.com\/?s={search_term_string}"},"query-input":{"@type":"PropertyValueSpecification","valueRequired":true,"valueName":"search_term_string"}}],"inLanguage":"en-US"},{"@type":"Organization","@id":"https:\/\/enjoystrollerrental.com\/#organization","name":"Enjoy Stroller Rental's","url":"https:\/\/enjoystrollerrental.com\/","logo":{"@type":"ImageObject","inLanguage":"en-US","@id":"https:\/\/enjoystrollerrental.com\/#\/schema\/logo\/image\/","url":"https:\/\/enjoystrollerrental.com\/wp-content\/uploads\/2023\/06\/Group-50.png","contentUrl":"https:\/\/enjoystrollerrental.com\/wp-content\/uploads\/2023\/06\/Group-50.png","width":737,"height":737,"caption":"Enjoy Stroller Rental"},"image":{"@id":"https:\/\/enjoystrollerrental.com\/#\/schema\/logo\/image\/"},"sameAs":["https:\/\/www.instagram.com\/enjoy.stroller.rental\/"]}]}},"_links":{"self":[{"href":"https:\/\/enjoystrollerrental.com\/en\/wp-json\/wp\/v2\/product\/174","targetHints":{"allow":["GET"]}}],"collection":[{"href":"https:\/\/enjoystrollerrental.com\/en\/wp-json\/wp\/v2\/product"}],"about":[{"href":"https:\/\/enjoystrollerrental.com\/en\/wp-json\/wp\/v2\/types\/product"}],"version-history":[{"count":12,"href":"https:\/\/enjoystrollerrental.com\/en\/wp-json\/wp\/v2\/product\/174\/revisions"}],"predecessor-version":[{"id":10556,"href":"https:\/\/enjoystrollerrental.com\/en\/wp-json\/wp\/v2\/product\/174\/revisions\/10556"}],"wp:featuredmedia":[{"embeddable":true,"href":"https:\/\/enjoystrollerrental.com\/en\/wp-json\/wp\/v2\/media\/11574"}],"wp:attachment":[{"href":"https:\/\/enjoystrollerrental.com\/en\/wp-json\/wp\/v2\/media?parent=174"}],"wp:term":[{"taxonomy":"product_brand","embeddable":true,"href":"https:\/\/enjoystrollerrental.com\/en\/wp-json\/wp\/v2\/product_brand?post=174"},{"taxonomy":"product_cat","embeddable":true,"href":"https:\/\/enjoystrollerrental.com\/en\/wp-json\/wp\/v2\/product_cat?post=174"},{"taxonomy":"product_tag","embeddable":true,"href":"https:\/\/enjoystrollerrental.com\/en\/wp-json\/wp\/v2\/product_tag?post=174"}],"curies":[{"name":"wp","href":"https:\/\/api.w.org\/{rel}","templated":true}]}}