{"id":11360,"date":"2026-04-22T18:36:19","date_gmt":"2026-04-22T22:36:19","guid":{"rendered":"https:\/\/enjoystrollerrental.com\/?post_type=product&#038;p=11360"},"modified":"2026-04-22T19:29:25","modified_gmt":"2026-04-22T23:29:25","slug":"mobility-scooter-rental","status":"publish","type":"product","link":"https:\/\/enjoystrollerrental.com\/en\/product\/mobility-scooter-rental\/","title":{"rendered":"Mobility Scooter Rental"},"content":{"rendered":"<p data-start=\"249\" data-end=\"428\"><strong>Movete por Orlando sin esfuerzo y con total comodidad.<\/strong><br data-start=\"303\" data-end=\"306\" \/>Nuestro mobility scooter es liviano, f\u00e1cil de usar y plegable, ideal para parques, paseos y traslados durante todo el d\u00eda.<\/p>\n<p data-start=\"249\" data-end=\"428\">Motor potente, bater\u00eda de litio y dise\u00f1o pensado para m\u00e1xima estabilidad y seguridad.<\/p>\n<p data-start=\"808\" data-end=\"851\"><strong data-start=\"808\" data-end=\"851\">Ligero, pr\u00e1ctico y f\u00e1cil de transportar<\/strong><\/p>\n<p data-start=\"853\" data-end=\"1021\">Con un peso de solo 43 lbs y estructura plegable, pod\u00e9s guardarlo f\u00e1cilmente en el auto o trasladarlo sin complicaciones. Ideal para viajes din\u00e1micos y cambios de plan.<\/p>\n<p data-start=\"1023\" data-end=\"1066\"><strong data-start=\"1023\" data-end=\"1066\">Potencia y eficiencia en cada recorrido<\/strong><\/p>\n<ul data-start=\"1068\" data-end=\"1198\">\n<li data-section-id=\"1gnj7hc\" data-start=\"1068\" data-end=\"1114\">Motor brushless de alto rendimiento (270W).<\/li>\n<li data-section-id=\"mgnuiq\" data-start=\"1115\" data-end=\"1152\">Funcionamiento suave y silencioso.<\/li>\n<li data-section-id=\"1wpy6ft\" data-start=\"1153\" data-end=\"1198\">Mayor durabilidad y eficiencia energ\u00e9tica.<\/li>\n<\/ul>\n<p data-start=\"1200\" data-end=\"1267\">Todo pensado para que te muevas con seguridad y sin interrupciones.<\/p>\n<p data-start=\"1269\" data-end=\"1308\"><strong data-start=\"1269\" data-end=\"1308\">M\u00e1s autonom\u00eda, menos preocupaciones<\/strong><\/p>\n<ul data-start=\"1310\" data-end=\"1480\">\n<li data-section-id=\"1shuzha\" data-start=\"1310\" data-end=\"1381\">Bater\u00eda de litio liviana (mucho m\u00e1s pr\u00e1ctica que las tradicionales).<\/li>\n<li data-section-id=\"i274zc\" data-start=\"1382\" data-end=\"1454\">Opci\u00f3n de bater\u00eda adicional para extender el uso durante todo el d\u00eda.<\/li>\n<li data-section-id=\"h0jphi\" data-start=\"1455\" data-end=\"1480\">Carga simple y r\u00e1pida.<\/li>\n<\/ul>\n<p data-start=\"1482\" data-end=\"1509\"><strong data-start=\"1482\" data-end=\"1509\">Dise\u00f1o estable y seguro<\/strong><\/p>\n<ul data-start=\"1511\" data-end=\"1729\">\n<li data-section-id=\"1pm0z1u\" data-start=\"1511\" data-end=\"1565\">Ruedas traseras anti-vuelco para mayor estabilidad.<\/li>\n<li data-section-id=\"19bln97\" data-start=\"1566\" data-end=\"1619\">Protecci\u00f3n frontal para una conducci\u00f3n m\u00e1s segura.<\/li>\n<li data-section-id=\"xe8qm7\" data-start=\"1620\" data-end=\"1660\">Velocidad regulable seg\u00fan el entorno.<\/li>\n<li data-section-id=\"1ldbvn3\" data-start=\"1661\" data-end=\"1729\">Panel de control intuitivo, f\u00e1cil de usar para cualquier usuario.<\/li>\n<\/ul>\n<p data-start=\"1731\" data-end=\"1760\"><strong data-start=\"1731\" data-end=\"1760\">Comodidad en cada detalle<\/strong><\/p>\n<ul data-start=\"1762\" data-end=\"1860\">\n<li data-section-id=\"1tzn3lh\" data-start=\"1762\" data-end=\"1789\">Asiento c\u00f3modo y amplio.<\/li>\n<li data-section-id=\"12uoqfc\" data-start=\"1790\" data-end=\"1821\">Espacio de guardado frontal.<\/li>\n<li data-section-id=\"1cnwgo9\" data-start=\"1822\" data-end=\"1860\">Dise\u00f1o pensado para uso prolongado.<\/li>\n<\/ul>\n<p data-start=\"1862\" data-end=\"1900\"><strong data-start=\"1862\" data-end=\"1900\">Uso simple desde el primer momento<\/strong><\/p>\n<p data-start=\"1902\" data-end=\"2032\">El scooter es intuitivo y f\u00e1cil de manejar.<br data-start=\"1945\" data-end=\"1948\" \/>Te enviamos indicaciones claras para que lo uses sin complicaciones desde el inicio.<\/p>\n<p data-start=\"2034\" data-end=\"2065\"><strong data-start=\"2034\" data-end=\"2065\">Entrega y retiro sin estr\u00e9s<\/strong><\/p>\n<p data-start=\"2067\" data-end=\"2227\">Coordinamos la entrega y el retiro en tu hotel o alojamiento dentro de nuestra zona de servicio.<br data-start=\"2163\" data-end=\"2166\" \/>Todo listo para que empieces a disfrutar desde el primer d\u00eda.<\/p>\n<p data-start=\"2229\" data-end=\"2255\"><strong data-start=\"2229\" data-end=\"2255\">Recomendaciones de uso<\/strong><\/p>\n<ul data-start=\"2257\" data-end=\"2392\">\n<li data-section-id=\"1foabdl\" data-start=\"2257\" data-end=\"2301\">Uso individual (una persona por scooter).<\/li>\n<li data-section-id=\"xz9cf7\" data-start=\"2302\" data-end=\"2341\">Recomendado para mayores de 18 a\u00f1os.<\/li>\n<li data-section-id=\"i6qb1m\" data-start=\"2342\" data-end=\"2392\">Circular a velocidad moderada y con precauci\u00f3n.<\/li>\n<\/ul>","protected":false},"excerpt":{"rendered":"<p data-start=\"249\" data-end=\"428\"><strong>Includes 2 rental days<\/strong><br \/>\nCada d\u00eda adicional: $15.<br \/>\nSelect your rental dates in the calendar to see the final price.<\/p>\n<p data-start=\"517\" data-end=\"563\">Entrega y retiro coordinado en tu alojamiento.<\/p>","protected":false},"featured_media":11354,"template":"","meta":{"site-sidebar-layout":"default","site-content-layout":"default","ast-site-content-layout":"default","site-content-style":"default","site-sidebar-style":"default","ast-global-header-display":"","ast-banner-title-visibility":"","ast-main-header-display":"","ast-hfb-above-header-display":"","ast-hfb-below-header-display":"","ast-hfb-mobile-header-display":"","site-post-title":"","ast-breadcrumbs-content":"","ast-featured-img":"","footer-sml-layout":"","theme-transparent-header-meta":"default","adv-header-id-meta":"","stick-header-meta":"","header-above-stick-meta":"","header-main-stick-meta":"","header-below-stick-meta":"","astra-migrate-meta-layouts":"set","ast-page-background-enabled":"default","ast-page-background-meta":{"desktop":{"background-color":"var(--ast-global-color-4)","background-image":"","background-repeat":"repeat","background-position":"center center","background-size":"auto","background-attachment":"scroll","background-type":"","background-media":"","overlay-type":"","overlay-color":"","overlay-opacity":"","overlay-gradient":""},"tablet":{"background-color":"","background-image":"","background-repeat":"repeat","background-position":"center center","background-size":"auto","background-attachment":"scroll","background-type":"","background-media":"","overlay-type":"","overlay-color":"","overlay-opacity":"","overlay-gradient":""},"mobile":{"background-color":"","background-image":"","background-repeat":"repeat","background-position":"center center","background-size":"auto","background-attachment":"scroll","background-type":"","background-media":"","overlay-type":"","overlay-color":"","overlay-opacity":"","overlay-gradient":""}},"ast-content-background-meta":{"desktop":{"background-color":"var(--ast-global-color-5)","background-image":"","background-repeat":"repeat","background-position":"center center","background-size":"auto","background-attachment":"scroll","background-type":"","background-media":"","overlay-type":"","overlay-color":"","overlay-opacity":"","overlay-gradient":""},"tablet":{"background-color":"var(--ast-global-color-5)","background-image":"","background-repeat":"repeat","background-position":"center center","background-size":"auto","background-attachment":"scroll","background-type":"","background-media":"","overlay-type":"","overlay-color":"","overlay-opacity":"","overlay-gradient":""},"mobile":{"background-color":"var(--ast-global-color-5)","background-image":"","background-repeat":"repeat","background-position":"center center","background-size":"auto","background-attachment":"scroll","background-type":"","background-media":"","overlay-type":"","overlay-color":"","overlay-opacity":"","overlay-gradient":""}}},"product_brand":[],"product_cat":[57],"product_tag":[60,58,59,61],"class_list":{"0":"post-11360","1":"product","2":"type-product","3":"status-publish","4":"has-post-thumbnail","6":"product_cat-mobility-scooter-rental","7":"product_tag-mobility-scooter-orlando","8":"product_tag-mobility-scooter-rental","9":"product_tag-scooter-orlando","10":"product_tag-scooter-rental-orlando","11":"desktop-align-left","12":"tablet-align-left","13":"mobile-align-left","15":"first","16":"instock","17":"virtual","18":"sold-individually","19":"purchasable","20":"product-type-booking"},"yoast_head":"<!-- This site is optimized with the Yoast SEO plugin v27.1.1 - https:\/\/yoast.com\/product\/yoast-seo-wordpress\/ -->\n<title>Mobility Scooter Rental - enjoystrollerrental.com<\/title>\n<meta name=\"description\" content=\"Alquiler cochecitos para bebes y ni\u00f1os en Disney World, Llantas resistentes y sistema de suspensi\u00f3n estilo bicicleta de monta\u00f1a, cochecito BOB Revolution\" \/>\n<meta name=\"robots\" content=\"index, follow, max-snippet:-1, max-image-preview:large, max-video-preview:-1\" \/>\n<link rel=\"canonical\" href=\"https:\/\/enjoystrollerrental.com\/en\/product\/mobility-scooter-rental\/\" \/>\n<meta property=\"og:locale\" content=\"en_US\" \/>\n<meta property=\"og:type\" content=\"article\" \/>\n<meta property=\"og:title\" content=\"Mobility Scooter Rental - enjoystrollerrental.com\" \/>\n<meta property=\"og:description\" content=\"Alquiler cochecitos para bebes y ni\u00f1os en Disney World, Llantas resistentes y sistema de suspensi\u00f3n estilo bicicleta de monta\u00f1a, cochecito BOB Revolution\" \/>\n<meta property=\"og:url\" content=\"https:\/\/enjoystrollerrental.com\/en\/product\/mobility-scooter-rental\/\" \/>\n<meta property=\"og:site_name\" content=\"enjoystrollerrental.com\" \/>\n<meta property=\"article:modified_time\" content=\"2026-04-22T23:29:25+00:00\" \/>\n<meta property=\"og:image\" content=\"http:\/\/enjoystrollerrental.com\/wp-content\/uploads\/2026\/04\/1-2.jpg\" \/>\n\t<meta property=\"og:image:width\" content=\"1500\" \/>\n\t<meta property=\"og:image:height\" content=\"1499\" \/>\n\t<meta property=\"og:image:type\" content=\"image\/jpeg\" \/>\n<meta name=\"twitter:card\" content=\"summary_large_image\" \/>\n<meta name=\"twitter:label1\" content=\"Est. reading time\" \/>\n\t<meta name=\"twitter:data1\" content=\"2 minutes\" \/>\n<script type=\"application\/ld+json\" class=\"yoast-schema-graph\">{\"@context\":\"https:\/\/schema.org\",\"@graph\":[{\"@type\":\"WebPage\",\"@id\":\"https:\/\/enjoystrollerrental.com\/producto\/mobility-scooter-rental\/\",\"url\":\"https:\/\/enjoystrollerrental.com\/producto\/mobility-scooter-rental\/\",\"name\":\"Mobility Scooter Rental - enjoystrollerrental.com\",\"isPartOf\":{\"@id\":\"https:\/\/enjoystrollerrental.com\/#website\"},\"primaryImageOfPage\":{\"@id\":\"https:\/\/enjoystrollerrental.com\/producto\/mobility-scooter-rental\/#primaryimage\"},\"image\":{\"@id\":\"https:\/\/enjoystrollerrental.com\/producto\/mobility-scooter-rental\/#primaryimage\"},\"thumbnailUrl\":\"https:\/\/enjoystrollerrental.com\/wp-content\/uploads\/2026\/04\/1-2.jpg\",\"datePublished\":\"2026-04-22T22:36:19+00:00\",\"dateModified\":\"2026-04-22T23:29:25+00:00\",\"description\":\"Alquiler cochecitos para bebes y ni\u00f1os en Disney World, Llantas resistentes y sistema de suspensi\u00f3n estilo bicicleta de monta\u00f1a, cochecito BOB Revolution\",\"breadcrumb\":{\"@id\":\"https:\/\/enjoystrollerrental.com\/producto\/mobility-scooter-rental\/#breadcrumb\"},\"inLanguage\":\"en-US\",\"potentialAction\":[{\"@type\":\"ReadAction\",\"target\":[\"https:\/\/enjoystrollerrental.com\/producto\/mobility-scooter-rental\/\"]}]},{\"@type\":\"ImageObject\",\"inLanguage\":\"en-US\",\"@id\":\"https:\/\/enjoystrollerrental.com\/producto\/mobility-scooter-rental\/#primaryimage\",\"url\":\"https:\/\/enjoystrollerrental.com\/wp-content\/uploads\/2026\/04\/1-2.jpg\",\"contentUrl\":\"https:\/\/enjoystrollerrental.com\/wp-content\/uploads\/2026\/04\/1-2.jpg\",\"width\":1500,\"height\":1499},{\"@type\":\"BreadcrumbList\",\"@id\":\"https:\/\/enjoystrollerrental.com\/producto\/mobility-scooter-rental\/#breadcrumb\",\"itemListElement\":[{\"@type\":\"ListItem\",\"position\":1,\"name\":\"Home\",\"item\":\"https:\/\/enjoystrollerrental.com\/\"},{\"@type\":\"ListItem\",\"position\":2,\"name\":\"Tienda\",\"item\":\"https:\/\/enjoystrollerrental.com\/en\/shop\/\"},{\"@type\":\"ListItem\",\"position\":3,\"name\":\"Mobility Scooter Rental\"}]},{\"@type\":\"WebSite\",\"@id\":\"https:\/\/enjoystrollerrental.com\/#website\",\"url\":\"https:\/\/enjoystrollerrental.com\/\",\"name\":\"Enjoy Stroller Rental\",\"description\":\"El mejor alquiler de cochecitos en Orlando\",\"publisher\":{\"@id\":\"https:\/\/enjoystrollerrental.com\/#organization\"},\"potentialAction\":[{\"@type\":\"SearchAction\",\"target\":{\"@type\":\"EntryPoint\",\"urlTemplate\":\"https:\/\/enjoystrollerrental.com\/?s={search_term_string}\"},\"query-input\":{\"@type\":\"PropertyValueSpecification\",\"valueRequired\":true,\"valueName\":\"search_term_string\"}}],\"inLanguage\":\"en-US\"},{\"@type\":\"Organization\",\"@id\":\"https:\/\/enjoystrollerrental.com\/#organization\",\"name\":\"Enjoy Stroller Rental\",\"url\":\"https:\/\/enjoystrollerrental.com\/\",\"logo\":{\"@type\":\"ImageObject\",\"inLanguage\":\"en-US\",\"@id\":\"https:\/\/enjoystrollerrental.com\/#\/schema\/logo\/image\/\",\"url\":\"https:\/\/enjoystrollerrental.com\/wp-content\/uploads\/2023\/06\/Group-50.png\",\"contentUrl\":\"https:\/\/enjoystrollerrental.com\/wp-content\/uploads\/2023\/06\/Group-50.png\",\"width\":737,\"height\":737,\"caption\":\"Enjoy Stroller Rental\"},\"image\":{\"@id\":\"https:\/\/enjoystrollerrental.com\/#\/schema\/logo\/image\/\"},\"sameAs\":[\"https:\/\/www.instagram.com\/enjoy.stroller.rental\/\"]}]}<\/script>\n<!-- \/ Yoast SEO plugin. -->","yoast_head_json":{"title":"Mobility Scooter Rental - enjoystrollerrental.com","description":"Alquiler cochecitos para bebes y ni\u00f1os en Disney World, Llantas resistentes y sistema de suspensi\u00f3n estilo bicicleta de monta\u00f1a, cochecito BOB Revolution","robots":{"index":"index","follow":"follow","max-snippet":"max-snippet:-1","max-image-preview":"max-image-preview:large","max-video-preview":"max-video-preview:-1"},"canonical":"https:\/\/enjoystrollerrental.com\/en\/product\/mobility-scooter-rental\/","og_locale":"en_US","og_type":"article","og_title":"Mobility Scooter Rental - enjoystrollerrental.com","og_description":"Alquiler cochecitos para bebes y ni\u00f1os en Disney World, Llantas resistentes y sistema de suspensi\u00f3n estilo bicicleta de monta\u00f1a, cochecito BOB Revolution","og_url":"https:\/\/enjoystrollerrental.com\/en\/product\/mobility-scooter-rental\/","og_site_name":"enjoystrollerrental.com","article_modified_time":"2026-04-22T23:29:25+00:00","og_image":[{"width":1500,"height":1499,"url":"http:\/\/enjoystrollerrental.com\/wp-content\/uploads\/2026\/04\/1-2.jpg","type":"image\/jpeg"}],"twitter_card":"summary_large_image","twitter_misc":{"Est. reading time":"2 minutes"},"schema":{"@context":"https:\/\/schema.org","@graph":[{"@type":"WebPage","@id":"https:\/\/enjoystrollerrental.com\/producto\/mobility-scooter-rental\/","url":"https:\/\/enjoystrollerrental.com\/producto\/mobility-scooter-rental\/","name":"Mobility Scooter Rental - enjoystrollerrental.com","isPartOf":{"@id":"https:\/\/enjoystrollerrental.com\/#website"},"primaryImageOfPage":{"@id":"https:\/\/enjoystrollerrental.com\/producto\/mobility-scooter-rental\/#primaryimage"},"image":{"@id":"https:\/\/enjoystrollerrental.com\/producto\/mobility-scooter-rental\/#primaryimage"},"thumbnailUrl":"https:\/\/enjoystrollerrental.com\/wp-content\/uploads\/2026\/04\/1-2.jpg","datePublished":"2026-04-22T22:36:19+00:00","dateModified":"2026-04-22T23:29:25+00:00","description":"Alquiler cochecitos para bebes y ni\u00f1os en Disney World, Llantas resistentes y sistema de suspensi\u00f3n estilo bicicleta de monta\u00f1a, cochecito BOB Revolution","breadcrumb":{"@id":"https:\/\/enjoystrollerrental.com\/producto\/mobility-scooter-rental\/#breadcrumb"},"inLanguage":"en-US","potentialAction":[{"@type":"ReadAction","target":["https:\/\/enjoystrollerrental.com\/producto\/mobility-scooter-rental\/"]}]},{"@type":"ImageObject","inLanguage":"en-US","@id":"https:\/\/enjoystrollerrental.com\/producto\/mobility-scooter-rental\/#primaryimage","url":"https:\/\/enjoystrollerrental.com\/wp-content\/uploads\/2026\/04\/1-2.jpg","contentUrl":"https:\/\/enjoystrollerrental.com\/wp-content\/uploads\/2026\/04\/1-2.jpg","width":1500,"height":1499},{"@type":"BreadcrumbList","@id":"https:\/\/enjoystrollerrental.com\/producto\/mobility-scooter-rental\/#breadcrumb","itemListElement":[{"@type":"ListItem","position":1,"name":"Home","item":"https:\/\/enjoystrollerrental.com\/"},{"@type":"ListItem","position":2,"name":"Tienda","item":"https:\/\/enjoystrollerrental.com\/en\/shop\/"},{"@type":"ListItem","position":3,"name":"Mobility Scooter Rental"}]},{"@type":"WebSite","@id":"https:\/\/enjoystrollerrental.com\/#website","url":"https:\/\/enjoystrollerrental.com\/","name":"Enjoy Stroller Rental's","description":"El mejor alquiler de cochecitos en Orlando","publisher":{"@id":"https:\/\/enjoystrollerrental.com\/#organization"},"potentialAction":[{"@type":"SearchAction","target":{"@type":"EntryPoint","urlTemplate":"https:\/\/enjoystrollerrental.com\/?s={search_term_string}"},"query-input":{"@type":"PropertyValueSpecification","valueRequired":true,"valueName":"search_term_string"}}],"inLanguage":"en-US"},{"@type":"Organization","@id":"https:\/\/enjoystrollerrental.com\/#organization","name":"Enjoy Stroller Rental's","url":"https:\/\/enjoystrollerrental.com\/","logo":{"@type":"ImageObject","inLanguage":"en-US","@id":"https:\/\/enjoystrollerrental.com\/#\/schema\/logo\/image\/","url":"https:\/\/enjoystrollerrental.com\/wp-content\/uploads\/2023\/06\/Group-50.png","contentUrl":"https:\/\/enjoystrollerrental.com\/wp-content\/uploads\/2023\/06\/Group-50.png","width":737,"height":737,"caption":"Enjoy Stroller Rental"},"image":{"@id":"https:\/\/enjoystrollerrental.com\/#\/schema\/logo\/image\/"},"sameAs":["https:\/\/www.instagram.com\/enjoy.stroller.rental\/"]}]}},"_links":{"self":[{"href":"https:\/\/enjoystrollerrental.com\/en\/wp-json\/wp\/v2\/product\/11360","targetHints":{"allow":["GET"]}}],"collection":[{"href":"https:\/\/enjoystrollerrental.com\/en\/wp-json\/wp\/v2\/product"}],"about":[{"href":"https:\/\/enjoystrollerrental.com\/en\/wp-json\/wp\/v2\/types\/product"}],"version-history":[{"count":1,"href":"https:\/\/enjoystrollerrental.com\/en\/wp-json\/wp\/v2\/product\/11360\/revisions"}],"predecessor-version":[{"id":11361,"href":"https:\/\/enjoystrollerrental.com\/en\/wp-json\/wp\/v2\/product\/11360\/revisions\/11361"}],"wp:featuredmedia":[{"embeddable":true,"href":"https:\/\/enjoystrollerrental.com\/en\/wp-json\/wp\/v2\/media\/11354"}],"wp:attachment":[{"href":"https:\/\/enjoystrollerrental.com\/en\/wp-json\/wp\/v2\/media?parent=11360"}],"wp:term":[{"taxonomy":"product_brand","embeddable":true,"href":"https:\/\/enjoystrollerrental.com\/en\/wp-json\/wp\/v2\/product_brand?post=11360"},{"taxonomy":"product_cat","embeddable":true,"href":"https:\/\/enjoystrollerrental.com\/en\/wp-json\/wp\/v2\/product_cat?post=11360"},{"taxonomy":"product_tag","embeddable":true,"href":"https:\/\/enjoystrollerrental.com\/en\/wp-json\/wp\/v2\/product_tag?post=11360"}],"curies":[{"name":"wp","href":"https:\/\/api.w.org\/{rel}","templated":true}]}}